{"id":4388,"date":"2021-10-17T17:16:55","date_gmt":"2021-10-17T14:16:55","guid":{"rendered":"https:\/\/www.latstab.lv\/produkcija\/"},"modified":"2023-04-25T16:46:47","modified_gmt":"2023-04-25T13:46:47","slug":"products","status":"publish","type":"page","link":"https:\/\/www.latstab.lv\/en\/products\/","title":{"rendered":"Products"},"content":{"rendered":"<p>[vc_row rt_row_background_width=&#8221;fullwidth&#8221; rt_row_content_width=&#8221;default&#8221; rt_row_style=&#8221;default-style&#8221; rt_row_borders=&#8221;&#8221; rt_row_paddings=&#8221;true&#8221; rt_bg_effect=&#8221;classic&#8221; rt_bg_image_repeat=&#8221;repeat&#8221; rt_bg_size=&#8221;cover&#8221; rt_bg_position=&#8221;right top&#8221; rt_bg_attachment=&#8221;scroll&#8221; rt_bg_video_format=&#8221;self-hosted&#8221;][vc_column rt_wrp_col_paddings=&#8221;false&#8221; rt_border_top=&#8221;&#8221; rt_border_bottom=&#8221;&#8221; rt_border_left=&#8221;&#8221; rt_border_right=&#8221;&#8221; rt_border_top_mobile=&#8221;&#8221; rt_border_bottom_mobile=&#8221;&#8221; rt_border_left_mobile=&#8221;&#8221; rt_border_right_mobile=&#8221;&#8221; rt_bg_image_repeat=&#8221;repeat&#8221; rt_bg_size=&#8221;auto auto&#8221; rt_bg_position=&#8221;right top&#8221; rt_bg_attachment=&#8221;scroll&#8221;][vc_empty_space height=&#8221;30px&#8221;][vc_column_text]RSEZ SIA \u201cLATSTAB\u201d works in close cooperation with clients to ensure excellent project performance. The company factory is certified in accordance with the EN 1090 standard and covers the entire production cycle of the structures, from the traceability of the materials used and the processing of component parts to drilling, cutting, surface preparation, galvanization and coating services. To protect steel from the influence of ambient conditions, it is treated using the hot galvanization method in accordance with the EN ISO 1461 standard, which regulates galvanized coatings.<\/p>\n<p>During its constant growth, the company has not only acquired experience, stability, and the ability to adapt to variable market situations, but also a team of high-class specialists and reliable, professionally qualified employees.[\/vc_column_text][\/vc_column][\/vc_row][vc_row rt_row_background_width=&#8221;fullwidth&#8221; rt_row_content_width=&#8221;default&#8221; rt_row_style=&#8221;default-style&#8221; rt_row_borders=&#8221;&#8221; rt_row_paddings=&#8221;true&#8221; rt_bg_effect=&#8221;classic&#8221; rt_bg_image_repeat=&#8221;repeat&#8221; rt_bg_size=&#8221;cover&#8221; rt_bg_position=&#8221;right top&#8221; rt_bg_attachment=&#8221;scroll&#8221; rt_bg_video_format=&#8221;self-hosted&#8221;][vc_column width=&#8221;1\/4&#8243; rt_wrp_col_paddings=&#8221;false&#8221; rt_border_top=&#8221;&#8221; rt_border_bottom=&#8221;&#8221; rt_border_left=&#8221;&#8221; rt_border_right=&#8221;&#8221; rt_border_top_mobile=&#8221;&#8221; rt_border_bottom_mobile=&#8221;&#8221; rt_border_left_mobile=&#8221;&#8221; rt_border_right_mobile=&#8221;&#8221; rt_bg_image_repeat=&#8221;repeat&#8221; rt_bg_size=&#8221;auto auto&#8221; rt_bg_position=&#8221;right top&#8221; rt_bg_attachment=&#8221;scroll&#8221;][vc_single_image image=&#8221;3366&#8243; img_size=&#8221;large&#8221; onclick=&#8221;custom_link&#8221; link=&#8221;en\/lighting-poles\/&#8221;]<div class=\"rt_heading_wrapper style-4\">\n\t\t\t\t\t\t<a href=\"en\/lighting-poles\/\" target=\"_self\" title=\"\"><h4 class=\"rt_heading  style-4\" >Lighting poles<\/h4><\/a>\n\t\t\t\t\t<\/div>[\/vc_column][vc_column width=&#8221;1\/4&#8243; rt_wrp_col_paddings=&#8221;false&#8221; rt_border_top=&#8221;&#8221; rt_border_bottom=&#8221;&#8221; rt_border_left=&#8221;&#8221; rt_border_right=&#8221;&#8221; rt_border_top_mobile=&#8221;&#8221; rt_border_bottom_mobile=&#8221;&#8221; rt_border_left_mobile=&#8221;&#8221; rt_border_right_mobile=&#8221;&#8221; rt_bg_image_repeat=&#8221;repeat&#8221; rt_bg_size=&#8221;auto auto&#8221; rt_bg_position=&#8221;right top&#8221; rt_bg_attachment=&#8221;scroll&#8221;][vc_single_image image=&#8221;3372&#8243; img_size=&#8221;large&#8221; onclick=&#8221;custom_link&#8221; link=&#8221;\/en\/lighting-masts\/&#8221;]<div class=\"rt_heading_wrapper style-4\">\n\t\t\t\t\t\t<a href=\"\/en\/lighting-masts\/\" target=\"_self\" title=\"\"><h4 class=\"rt_heading  style-4\" >Lighting masts<\/h4><\/a>\n\t\t\t\t\t<\/div>[\/vc_column][vc_column width=&#8221;1\/4&#8243; rt_wrp_col_paddings=&#8221;false&#8221; rt_border_top=&#8221;&#8221; rt_border_bottom=&#8221;&#8221; rt_border_left=&#8221;&#8221; rt_border_right=&#8221;&#8221; rt_border_top_mobile=&#8221;&#8221; rt_border_bottom_mobile=&#8221;&#8221; rt_border_left_mobile=&#8221;&#8221; rt_border_right_mobile=&#8221;&#8221; rt_bg_image_repeat=&#8221;repeat&#8221; rt_bg_size=&#8221;auto auto&#8221; rt_bg_position=&#8221;right top&#8221; rt_bg_attachment=&#8221;scroll&#8221;][vc_single_image image=&#8221;3873&#8243; img_size=&#8221;large&#8221; onclick=&#8221;custom_link&#8221; link=&#8221;\/en\/flag-masts\/&#8221;]<div class=\"rt_heading_wrapper style-4\">\n\t\t\t\t\t\t<a href=\"\/en\/flag-masts\/\" target=\"_self\" title=\"\"><h4 class=\"rt_heading  style-4\" >Flag masts<\/h4><\/a>\n\t\t\t\t\t<\/div>[\/vc_column][vc_column width=&#8221;1\/4&#8243; rt_wrp_col_paddings=&#8221;false&#8221; rt_border_top=&#8221;&#8221; rt_border_bottom=&#8221;&#8221; rt_border_left=&#8221;&#8221; rt_border_right=&#8221;&#8221; rt_border_top_mobile=&#8221;&#8221; rt_border_bottom_mobile=&#8221;&#8221; rt_border_left_mobile=&#8221;&#8221; rt_border_right_mobile=&#8221;&#8221; rt_bg_image_repeat=&#8221;repeat&#8221; rt_bg_size=&#8221;auto auto&#8221; rt_bg_position=&#8221;right top&#8221; rt_bg_attachment=&#8221;scroll&#8221;][vc_single_image image=&#8221;3860&#8243; img_size=&#8221;large&#8221; onclick=&#8221;custom_link&#8221; link=&#8221;\/en\/mobile-telecommunications-masts\/&#8221;]<div class=\"rt_heading_wrapper style-4\">\n\t\t\t\t\t\t<a href=\"\/en\/mobile-telecommunications-masts\/\" target=\"_self\" title=\"\"><h4 class=\"rt_heading  style-4\" >Mobile telecommunications masts<\/h4><\/a>\n\t\t\t\t\t<\/div>[\/vc_column][\/vc_row][vc_row rt_row_background_width=&#8221;fullwidth&#8221; rt_row_content_width=&#8221;default&#8221; rt_row_style=&#8221;default-style&#8221; rt_row_borders=&#8221;&#8221; rt_row_paddings=&#8221;true&#8221; rt_bg_effect=&#8221;classic&#8221; rt_bg_image_repeat=&#8221;repeat&#8221; rt_bg_size=&#8221;cover&#8221; rt_bg_position=&#8221;right top&#8221; rt_bg_attachment=&#8221;scroll&#8221; rt_bg_video_format=&#8221;self-hosted&#8221;][vc_column width=&#8221;1\/4&#8243; rt_wrp_col_paddings=&#8221;false&#8221; rt_border_top=&#8221;&#8221; rt_border_bottom=&#8221;&#8221; rt_border_left=&#8221;&#8221; rt_border_right=&#8221;&#8221; rt_border_top_mobile=&#8221;&#8221; rt_border_bottom_mobile=&#8221;&#8221; rt_border_left_mobile=&#8221;&#8221; rt_border_right_mobile=&#8221;&#8221; rt_bg_image_repeat=&#8221;repeat&#8221; rt_bg_size=&#8221;auto auto&#8221; rt_bg_position=&#8221;right top&#8221; rt_bg_attachment=&#8221;scroll&#8221;][vc_single_image image=&#8221;3382&#8243; img_size=&#8221;large&#8221; onclick=&#8221;custom_link&#8221; link=&#8221;\/en\/meteorological-towers\/&#8221;]<div class=\"rt_heading_wrapper style-4\">\n\t\t\t\t\t\t<a href=\"\/en\/meteorological-towers\/\" target=\"_self\" title=\"\"><h4 class=\"rt_heading  style-4\" >Meteorological towers<\/h4><\/a>\n\t\t\t\t\t<\/div>[\/vc_column][vc_column width=&#8221;1\/4&#8243; rt_wrp_col_paddings=&#8221;false&#8221; rt_border_top=&#8221;&#8221; rt_border_bottom=&#8221;&#8221; rt_border_left=&#8221;&#8221; rt_border_right=&#8221;&#8221; rt_border_top_mobile=&#8221;&#8221; rt_border_bottom_mobile=&#8221;&#8221; rt_border_left_mobile=&#8221;&#8221; rt_border_right_mobile=&#8221;&#8221; rt_bg_image_repeat=&#8221;repeat&#8221; rt_bg_size=&#8221;auto auto&#8221; rt_bg_position=&#8221;right top&#8221; rt_bg_attachment=&#8221;scroll&#8221;][vc_single_image image=&#8221;3834&#8243; img_size=&#8221;large&#8221; onclick=&#8221;custom_link&#8221; link=&#8221;\/en\/brackets\/&#8221;]<div class=\"rt_heading_wrapper style-4\">\n\t\t\t\t\t\t<a href=\"\/en\/brackets\/\" target=\"_self\" title=\"\"><h4 class=\"rt_heading  style-4\" >Brackets<\/h4><\/a>\n\t\t\t\t\t<\/div>[\/vc_column][vc_column width=&#8221;1\/4&#8243; rt_wrp_col_paddings=&#8221;false&#8221; rt_border_top=&#8221;&#8221; rt_border_bottom=&#8221;&#8221; rt_border_left=&#8221;&#8221; rt_border_right=&#8221;&#8221; rt_border_top_mobile=&#8221;&#8221; rt_border_bottom_mobile=&#8221;&#8221; rt_border_left_mobile=&#8221;&#8221; rt_border_right_mobile=&#8221;&#8221; rt_bg_image_repeat=&#8221;repeat&#8221; rt_bg_size=&#8221;auto auto&#8221; rt_bg_position=&#8221;right top&#8221; rt_bg_attachment=&#8221;scroll&#8221;][vc_single_image image=&#8221;3377&#8243; img_size=&#8221;large&#8221; onclick=&#8221;custom_link&#8221; link=&#8221;\/en\/other-metal-structures\/&#8221;]<div class=\"rt_heading_wrapper style-4\">\n\t\t\t\t\t\t<a href=\"\/en\/other-metal-structures\/\" target=\"_self\" title=\"\"><h4 class=\"rt_heading  style-4\" >Other metal structures<\/h4><\/a>\n\t\t\t\t\t<\/div>[\/vc_column][vc_column width=&#8221;1\/4&#8243; rt_wrp_col_paddings=&#8221;false&#8221; rt_border_top=&#8221;&#8221; rt_border_bottom=&#8221;&#8221; rt_border_left=&#8221;&#8221; rt_border_right=&#8221;&#8221; rt_border_top_mobile=&#8221;&#8221; rt_border_bottom_mobile=&#8221;&#8221; rt_border_left_mobile=&#8221;&#8221; rt_border_right_mobile=&#8221;&#8221; rt_bg_image_repeat=&#8221;repeat&#8221; rt_bg_size=&#8221;auto auto&#8221; rt_bg_position=&#8221;right top&#8221; rt_bg_attachment=&#8221;scroll&#8221;][vc_single_image image=&#8221;3848&#8243; img_size=&#8221;large&#8221; onclick=&#8221;custom_link&#8221; link=&#8221;\/en\/concrete-bases\/&#8221;]<div class=\"rt_heading_wrapper style-4\">\n\t\t\t\t\t\t<a href=\"\/en\/concrete-bases\/\" target=\"_self\" title=\"\"><h4 class=\"rt_heading  style-4\" >Concrete bases<\/h4><\/a>\n\t\t\t\t\t<\/div>[\/vc_column][\/vc_row]<\/p>\n","protected":false},"excerpt":{"rendered":"<p>[vc_row rt_row_background_width=&#8221;fullwidth&#8221; rt_row_content_width=&#8221;default&#8221; rt_row_style=&#8221;default-style&#8221; rt_row_borders=&#8221;&#8221; rt_row_paddings=&#8221;true&#8221; rt_bg_effect=&#8221;classic&#8221; rt_bg_image_repeat=&#8221;repeat&#8221; rt_bg_size=&#8221;cover&#8221; rt_bg_position=&#8221;right top&#8221; rt_bg_attachment=&#8221;scroll&#8221; rt_bg_video_format=&#8221;self-hosted&#8221;][vc_column rt_wrp_col_paddings=&#8221;false&#8221; rt_border_top=&#8221;&#8221; rt_border_bottom=&#8221;&#8221; rt_border_left=&#8221;&#8221; rt_border_right=&#8221;&#8221; rt_border_top_mobile=&#8221;&#8221; rt_border_bottom_mobile=&#8221;&#8221; rt_border_left_mobile=&#8221;&#8221; rt_border_right_mobile=&#8221;&#8221; rt_bg_image_repeat=&#8221;repeat&#8221; rt_bg_size=&#8221;auto auto&#8221; rt_bg_position=&#8221;right top&#8221; rt_bg_attachment=&#8221;scroll&#8221;][vc_empty_space height=&#8221;30px&#8221;][vc_column_text]RSEZ SIA \u201cLATSTAB\u201d works in close cooperation with clients to ensure excellent project performance. The company factory is certified in accordance with the EN 1090 standard and [&hellip;]<\/p>\n","protected":false},"author":1,"featured_media":0,"parent":0,"menu_order":0,"comment_status":"closed","ping_status":"closed","template":"","meta":{"footnotes":""},"class_list":["post-4388","page","type-page","status-publish","hentry"],"yoast_head":"<!-- This site is optimized with the Yoast SEO Premium plugin v17.2 (Yoast SEO v18.1) - https:\/\/yoast.com\/wordpress\/plugins\/seo\/ -->\n<title>Products - latstab.lv<\/title>\n<meta name=\"description\" content=\"Uz\u0146\u0113muma ra\u017eotne ir sertific\u0113ta atbilsto\u0161i EN 1090 standartam un aptver visu konstrukcijas izgatavo\u0161anas ciklu...\" \/>\n<meta name=\"robots\" content=\"index, follow, max-snippet:-1, max-image-preview:large, max-video-preview:-1\" \/>\n<link rel=\"canonical\" href=\"https:\/\/www.latstab.lv\/en\/products\/\" \/>\n<meta property=\"og:locale\" content=\"en_US\" \/>\n<meta property=\"og:type\" content=\"article\" \/>\n<meta property=\"og:title\" content=\"Products\" \/>\n<meta property=\"og:description\" content=\"Uz\u0146\u0113muma ra\u017eotne ir sertific\u0113ta atbilsto\u0161i EN 1090 standartam un aptver visu konstrukcijas izgatavo\u0161anas ciklu...\" \/>\n<meta property=\"og:url\" content=\"https:\/\/www.latstab.lv\/en\/products\/\" \/>\n<meta property=\"og:site_name\" content=\"latstab.lv\" \/>\n<meta property=\"article:modified_time\" content=\"2023-04-25T13:46:47+00:00\" \/>\n<meta name=\"twitter:card\" content=\"summary_large_image\" \/>\n<meta name=\"twitter:label1\" content=\"Est. reading time\" \/>\n\t<meta name=\"twitter:data1\" content=\"3 minutes\" \/>\n<script type=\"application\/ld+json\" class=\"yoast-schema-graph\">{\"@context\":\"https:\/\/schema.org\",\"@graph\":[{\"@type\":\"WebSite\",\"@id\":\"https:\/\/www.latstab.lv\/#website\",\"url\":\"https:\/\/www.latstab.lv\/\",\"name\":\"latstab.lv\",\"description\":\"Steel structures\",\"potentialAction\":[{\"@type\":\"SearchAction\",\"target\":{\"@type\":\"EntryPoint\",\"urlTemplate\":\"https:\/\/www.latstab.lv\/?s={search_term_string}\"},\"query-input\":\"required name=search_term_string\"}],\"inLanguage\":\"en-US\"},{\"@type\":\"WebPage\",\"@id\":\"https:\/\/www.latstab.lv\/en\/products\/#webpage\",\"url\":\"https:\/\/www.latstab.lv\/en\/products\/\",\"name\":\"Products - latstab.lv\",\"isPartOf\":{\"@id\":\"https:\/\/www.latstab.lv\/#website\"},\"datePublished\":\"2021-10-17T14:16:55+00:00\",\"dateModified\":\"2023-04-25T13:46:47+00:00\",\"description\":\"Uz\u0146\u0113muma ra\u017eotne ir sertific\u0113ta atbilsto\u0161i EN 1090 standartam un aptver visu konstrukcijas izgatavo\u0161anas ciklu...\",\"breadcrumb\":{\"@id\":\"https:\/\/www.latstab.lv\/en\/products\/#breadcrumb\"},\"inLanguage\":\"en-US\",\"potentialAction\":[{\"@type\":\"ReadAction\",\"target\":[\"https:\/\/www.latstab.lv\/en\/products\/\"]}]},{\"@type\":\"BreadcrumbList\",\"@id\":\"https:\/\/www.latstab.lv\/en\/products\/#breadcrumb\",\"itemListElement\":[{\"@type\":\"ListItem\",\"position\":1,\"name\":\"Home\",\"item\":\"https:\/\/www.latstab.lv\/en\/\"},{\"@type\":\"ListItem\",\"position\":2,\"name\":\"Products\"}]}]}<\/script>\n<!-- \/ Yoast SEO Premium plugin. -->","yoast_head_json":{"title":"Products - latstab.lv","description":"Uz\u0146\u0113muma ra\u017eotne ir sertific\u0113ta atbilsto\u0161i EN 1090 standartam un aptver visu konstrukcijas izgatavo\u0161anas ciklu...","robots":{"index":"index","follow":"follow","max-snippet":"max-snippet:-1","max-image-preview":"max-image-preview:large","max-video-preview":"max-video-preview:-1"},"canonical":"https:\/\/www.latstab.lv\/en\/products\/","og_locale":"en_US","og_type":"article","og_title":"Products","og_description":"Uz\u0146\u0113muma ra\u017eotne ir sertific\u0113ta atbilsto\u0161i EN 1090 standartam un aptver visu konstrukcijas izgatavo\u0161anas ciklu...","og_url":"https:\/\/www.latstab.lv\/en\/products\/","og_site_name":"latstab.lv","article_modified_time":"2023-04-25T13:46:47+00:00","twitter_card":"summary_large_image","twitter_misc":{"Est. reading time":"3 minutes"},"schema":{"@context":"https:\/\/schema.org","@graph":[{"@type":"WebSite","@id":"https:\/\/www.latstab.lv\/#website","url":"https:\/\/www.latstab.lv\/","name":"latstab.lv","description":"Steel structures","potentialAction":[{"@type":"SearchAction","target":{"@type":"EntryPoint","urlTemplate":"https:\/\/www.latstab.lv\/?s={search_term_string}"},"query-input":"required name=search_term_string"}],"inLanguage":"en-US"},{"@type":"WebPage","@id":"https:\/\/www.latstab.lv\/en\/products\/#webpage","url":"https:\/\/www.latstab.lv\/en\/products\/","name":"Products - latstab.lv","isPartOf":{"@id":"https:\/\/www.latstab.lv\/#website"},"datePublished":"2021-10-17T14:16:55+00:00","dateModified":"2023-04-25T13:46:47+00:00","description":"Uz\u0146\u0113muma ra\u017eotne ir sertific\u0113ta atbilsto\u0161i EN 1090 standartam un aptver visu konstrukcijas izgatavo\u0161anas ciklu...","breadcrumb":{"@id":"https:\/\/www.latstab.lv\/en\/products\/#breadcrumb"},"inLanguage":"en-US","potentialAction":[{"@type":"ReadAction","target":["https:\/\/www.latstab.lv\/en\/products\/"]}]},{"@type":"BreadcrumbList","@id":"https:\/\/www.latstab.lv\/en\/products\/#breadcrumb","itemListElement":[{"@type":"ListItem","position":1,"name":"Home","item":"https:\/\/www.latstab.lv\/en\/"},{"@type":"ListItem","position":2,"name":"Products"}]}]}},"_links":{"self":[{"href":"https:\/\/www.latstab.lv\/en\/wp-json\/wp\/v2\/pages\/4388","targetHints":{"allow":["GET"]}}],"collection":[{"href":"https:\/\/www.latstab.lv\/en\/wp-json\/wp\/v2\/pages"}],"about":[{"href":"https:\/\/www.latstab.lv\/en\/wp-json\/wp\/v2\/types\/page"}],"author":[{"embeddable":true,"href":"https:\/\/www.latstab.lv\/en\/wp-json\/wp\/v2\/users\/1"}],"replies":[{"embeddable":true,"href":"https:\/\/www.latstab.lv\/en\/wp-json\/wp\/v2\/comments?post=4388"}],"version-history":[{"count":4,"href":"https:\/\/www.latstab.lv\/en\/wp-json\/wp\/v2\/pages\/4388\/revisions"}],"predecessor-version":[{"id":4460,"href":"https:\/\/www.latstab.lv\/en\/wp-json\/wp\/v2\/pages\/4388\/revisions\/4460"}],"wp:attachment":[{"href":"https:\/\/www.latstab.lv\/en\/wp-json\/wp\/v2\/media?parent=4388"}],"curies":[{"name":"wp","href":"https:\/\/api.w.org\/{rel}","templated":true}]}}