{"id":3437,"date":"2015-02-02T04:30:47","date_gmt":"2015-02-02T04:30:47","guid":{"rendered":"https:\/\/www.latstab.lv\/kontakti\/"},"modified":"2023-04-25T18:46:11","modified_gmt":"2023-04-25T15:46:11","slug":"contact-us","status":"publish","type":"page","link":"https:\/\/www.latstab.lv\/en\/contact-us\/","title":{"rendered":"Contact Us"},"content":{"rendered":"<p>[vc_row disable_element=&#8221;yes&#8221; rt_row_background_width=&#8221;fullwidth&#8221; rt_row_content_width=&#8221;fullwidth&#8221; rt_row_style=&#8221;default-style&#8221; rt_row_borders=&#8221;&#8221; rt_row_paddings=&#8221;false&#8221; rt_bg_effect=&#8221;classic&#8221; rt_bg_image_repeat=&#8221;repeat&#8221; rt_bg_size=&#8221;cover&#8221; rt_bg_position=&#8221;right top&#8221; rt_bg_attachment=&#8221;scroll&#8221; rt_bg_video_format=&#8221;self-hosted&#8221; rt_row_no_padding=&#8221;false&#8221;][vc_column rt_wrp_col_paddings=&#8221;false&#8221; rt_border_top=&#8221;&#8221; rt_border_bottom=&#8221;&#8221; rt_border_left=&#8221;&#8221; rt_border_right=&#8221;&#8221; rt_border_top_mobile=&#8221;&#8221; rt_border_bottom_mobile=&#8221;&#8221; rt_border_left_mobile=&#8221;&#8221; rt_border_right_mobile=&#8221;&#8221; rt_bg_image_repeat=&#8221;repeat&#8221; rt_bg_size=&#8221;auto auto&#8221; rt_bg_position=&#8221;right top&#8221; rt_bg_attachment=&#8221;scroll&#8221;]<div class=\"google_map_holder\" data-height=\"500\" data-scope=\"#map-211459\" data-bw=\"\">\n\n\t\t\t<div id=\"map-211459\" class=\"google_map\"><\/div>\n\t\t\t<script type=\"text\/javascript\">\n\t\t\t \/* <![CDATA[ *\/ \n\t\t\t\t\/\/ Runs google maps\t\n\t\t\t\t\tjQuery(function() {\n\t\t\t\t\t\tjQuery(\"#map-211459\").rt_maps([[\"\", 56.52821000154808, 27.340076756009523, 4,\"\"],],13); \n\t\t\t\t\t});\n\t\t\t\/* ]]> *\/\t\n\t\t\t<\/script>\n\n\t\t<\/div>[\/vc_column][\/vc_row][vc_row rt_row_background_width=&#8221;fullwidth&#8221; rt_row_content_width=&#8221;fullwidth&#8221; rt_row_style=&#8221;default-style&#8221; rt_column_placement=&#8221;middle&#8221; rt_row_borders=&#8221;&#8221; rt_row_paddings=&#8221;false&#8221; rt_bg_effect=&#8221;classic&#8221; rt_bg_image_repeat=&#8221;no-repeat&#8221; rt_bg_size=&#8221;cover&#8221; rt_bg_position=&#8221;center center&#8221; rt_bg_attachment=&#8221;scroll&#8221; rt_bg_video_format=&#8221;self-hosted&#8221;][vc_column rt_wrp_col_paddings=&#8221;false&#8221; rt_border_top=&#8221;&#8221; rt_border_bottom=&#8221;&#8221; rt_border_left=&#8221;&#8221; rt_border_right=&#8221;&#8221; rt_border_top_mobile=&#8221;&#8221; rt_border_bottom_mobile=&#8221;&#8221; rt_border_left_mobile=&#8221;&#8221; rt_border_right_mobile=&#8221;&#8221; rt_bg_image_repeat=&#8221;repeat&#8221; rt_bg_size=&#8221;auto auto&#8221; rt_bg_position=&#8221;right top&#8221; rt_bg_attachment=&#8221;scroll&#8221;][vc_gmaps link=&#8221;#E-8_JTNDaWZyYW1lJTIwc3JjJTNEJTIyaHR0cHMlM0ElMkYlMkZ3d3cuZ29vZ2xlLmNvbSUyRm1hcHMlMkZlbWJlZCUzRnBiJTNEJTIxMW0xOCUyMTFtMTIlMjExbTMlMjExZDIyMDAuNDk3MTQ3NjcyNTgzNyUyMTJkMjcuMzM3ODYxMjUxNzY4MDQ3JTIxM2Q1Ni41MjgwODU3MzkzMDI3MiUyMTJtMyUyMTFmMCUyMTJmMCUyMTNmMCUyMTNtMiUyMTFpMTAyNCUyMTJpNzY4JTIxNGYxMy4xJTIxM20zJTIxMW0yJTIxMXMweDQ2YzIxNjBkMDBjYjI3MmQlMjUzQTB4MTYxOTU1ZDdjOWNiZjY0ZSUyMTJ6UVhSaWNzU3JkbV9Gb1dGdVlYTWdZV3hsYW1FZ01UVTFMQ0JTeEpONlpXdHVaU3dnVEZZdE5EWXdOQSUyMTVlMCUyMTNtMiUyMTFzbHYlMjEyc2x2JTIxNHYxNjQ2ODM5MjIzOTYzJTIxNW0yJTIxMXNsdiUyMTJzbHYlMjIlMjB3aWR0aCUzRCUyMjYwMCUyMiUyMGhlaWdodCUzRCUyMjQ1MCUyMiUyMHN0eWxlJTNEJTIyYm9yZGVyJTNBMCUzQiUyMiUyMGFsbG93ZnVsbHNjcmVlbiUzRCUyMiUyMiUyMGxvYWRpbmclM0QlMjJsYXp5JTIyJTNFJTNDJTJGaWZyYW1lJTNF&#8221; css=&#8221;.vc_custom_1646839282750{background-position: center !important;background-repeat: no-repeat !important;background-size: cover !important;}&#8221;][\/vc_column][\/vc_row][vc_row rt_row_background_width=&#8221;fullwidth&#8221; rt_row_content_width=&#8221;default&#8221; rt_row_style=&#8221;default-style&#8221; rt_row_borders=&#8221;&#8221; rt_row_paddings=&#8221;true&#8221; rt_bg_effect=&#8221;classic&#8221; rt_bg_image_repeat=&#8221;repeat&#8221; rt_bg_size=&#8221;cover&#8221; rt_bg_position=&#8221;right top&#8221; rt_bg_attachment=&#8221;scroll&#8221; rt_bg_video_format=&#8221;self-hosted&#8221;][vc_column rt_wrp_col_paddings=&#8221;false&#8221; rt_border_top=&#8221;&#8221; rt_border_bottom=&#8221;&#8221; rt_border_left=&#8221;&#8221; rt_border_right=&#8221;&#8221; rt_border_top_mobile=&#8221;&#8221; rt_border_bottom_mobile=&#8221;&#8221; rt_border_left_mobile=&#8221;&#8221; rt_border_right_mobile=&#8221;&#8221; rt_bg_image_repeat=&#8221;repeat&#8221; rt_bg_size=&#8221;auto auto&#8221; rt_bg_position=&#8221;right top&#8221; rt_bg_attachment=&#8221;scroll&#8221;][vc_empty_space height=&#8221;10&#8243;][\/vc_column][\/vc_row][vc_row rt_row_background_width=&#8221;fullwidth&#8221; rt_row_content_width=&#8221;default&#8221; rt_row_style=&#8221;default-style&#8221; rt_row_borders=&#8221;&#8221; rt_grid=&#8221;true&#8221; rt_row_paddings=&#8221;true&#8221; rt_bg_effect=&#8221;classic&#8221; rt_bg_image_repeat=&#8221;repeat&#8221; rt_bg_size=&#8221;cover&#8221; rt_bg_position=&#8221;right top&#8221; rt_bg_attachment=&#8221;scroll&#8221; rt_bg_video_format=&#8221;self-hosted&#8221;][vc_column width=&#8221;1\/3&#8243; rt_wrp_col_paddings=&#8221;false&#8221; rt_border_top=&#8221;&#8221; rt_border_bottom=&#8221;&#8221; rt_border_left=&#8221;&#8221; rt_border_right=&#8221;&#8221; rt_border_top_mobile=&#8221;&#8221; rt_border_bottom_mobile=&#8221;&#8221; rt_border_left_mobile=&#8221;&#8221; rt_border_right_mobile=&#8221;&#8221; rt_bg_image_repeat=&#8221;repeat&#8221; rt_bg_size=&#8221;auto auto&#8221; rt_bg_position=&#8221;right top&#8221; rt_bg_attachment=&#8221;scroll&#8221;]<div class=\"rt_heading_wrapper style-4\">\n\t\t\t\t\t\t<h3 class=\"rt_heading  style-4\" >RSEZ SIA \u201eLATSTAB\u201c<\/h3>\n\t\t\t\t\t<\/div>\t \n\t\t<div  class=\"with_icons style-3 \">\n\t\t\t \n\t\t<div  >\n\t\t<span class=\"icon-cog icon\"><\/span><div class=\"list-content\"><p>LV41503042416<\/p>\n<\/div>\n\t\t<\/div>\n\t\t \n\t\t<div  >\n\t\t<span class=\"icon-address icon\"><\/span><div class=\"list-content\"><p>Atbr\u012bvo\u0161anas aleja 155a, LV-4604 R\u0113zekne, Latvia<\/p>\n<\/div>\n\t\t<\/div>\n\t\t \n\t\t<div  >\n\t\t<span class=\"icon-mail icon\"><\/span><div class=\"list-content\"><p><a href=\"mailto:info@latstab.lv\">info@latstab.lv<\/a><\/p>\n<\/div>\n\t\t<\/div>\n\t\t \n\t\t<div  >\n\t\t<span class=\"icon-mail icon\"><\/span><div class=\"list-content\"><p><a href=\"mailto:sales@latstab.lv\">sales@latstab.lv<\/a><\/p>\n<\/div>\n\t\t<\/div>\n\t\t \n\t\t<div  >\n\t\t<span class=\"icon-facebook icon\"><\/span><div class=\"list-content\"><p><a href=\"https:\/\/www.facebook.com\/www.latstab.lv\">Latstab SIA<\/a><\/p>\n<\/div>\n\t\t<\/div>\n\t\t \n\t\t<div  >\n\t\t<span class=\"icon-linkedin icon\"><\/span><div class=\"list-content\"><p><a href=\"https:\/\/www.linkedin.com\/in\/stan-ratinskis-b014a653\" target=\"_blank\" rel=\"noopener\">LATSTAB<\/a><\/p>\n<\/div>\n\t\t<\/div>\n\t\n\t\t<\/div>\n\t[vc_empty_space height=&#8221;8px&#8221;][vc_separator style=&#8221;style-4&#8243; color=&#8221;#dd3333&#8243;][vc_empty_space height=&#8221;8px&#8221;][vc_column_text]<\/p>\n<div>RSEZ SIA LATSTAB<\/div>\n<div>LV41503042416<\/div>\n<div>Atbr\u012bvo\u0161anas al. 155A k-1, R\u0113zekne, LV-4604<\/div>\n<div>Citadele Banka<\/div>\n<div>PARXLV22<\/div>\n<div>LV14PARX0015236040001<\/div>\n<p>[\/vc_column_text][\/vc_column][vc_column width=&#8221;2\/3&#8243; rt_wrp_col_paddings=&#8221;false&#8221; rt_border_top=&#8221;&#8221; rt_border_bottom=&#8221;&#8221; rt_border_left=&#8221;&#8221; rt_border_right=&#8221;&#8221; rt_border_top_mobile=&#8221;&#8221; rt_border_bottom_mobile=&#8221;&#8221; rt_border_left_mobile=&#8221;&#8221; rt_border_right_mobile=&#8221;&#8221; rt_bg_image_repeat=&#8221;repeat&#8221; rt_bg_size=&#8221;auto auto&#8221; rt_bg_position=&#8221;right top&#8221; rt_bg_attachment=&#8221;scroll&#8221;]<div class=\"rt_heading_wrapper style-4\">\n\t\t\t\t\t\t<h3 class=\"rt_heading  style-4\" >SEND US A MESSAGE<\/h3>\n\t\t\t\t\t<\/div>[vc_column_text]<div role=\"form\" class=\"wpcf7\" id=\"wpcf7-f4361-o1\" lang=\"lv-LV\" dir=\"ltr\">\n<div class=\"screen-reader-response\"><p role=\"status\" aria-live=\"polite\" aria-atomic=\"true\"><\/p> <ul><\/ul><\/div>\n<form action=\"\/en\/wp-json\/wp\/v2\/pages\/3437#wpcf7-f4361-o1\" method=\"post\" class=\"wpcf7-form init rt_form\" novalidate=\"novalidate\" data-status=\"init\">\n<div style=\"display: none;\">\n<input type=\"hidden\" name=\"_wpcf7\" value=\"4361\" \/>\n<input type=\"hidden\" name=\"_wpcf7_version\" value=\"5.5.6\" \/>\n<input type=\"hidden\" name=\"_wpcf7_locale\" value=\"lv_LV\" \/>\n<input type=\"hidden\" name=\"_wpcf7_unit_tag\" value=\"wpcf7-f4361-o1\" \/>\n<input type=\"hidden\" name=\"_wpcf7_container_post\" value=\"0\" \/>\n<input type=\"hidden\" name=\"_wpcf7_posted_data_hash\" value=\"\" \/>\n<\/div>\n<ul>\n<li class=\"form-input\">\n<label>V\u0101rds<\/label><span class=\"wpcf7-form-control-wrap your-name\"><input type=\"text\" name=\"your-name\" value=\"\" size=\"40\" class=\"wpcf7-form-control wpcf7-text wpcf7-validates-as-required\" aria-required=\"true\" aria-invalid=\"false\" placeholder=\"Name *\" \/><\/span>\n<\/li>\n<li class=\"form-input\">\n<label>Epasts<\/label><span class=\"wpcf7-form-control-wrap your-email\"><input type=\"email\" name=\"your-email\" value=\"\" size=\"40\" class=\"wpcf7-form-control wpcf7-text wpcf7-email wpcf7-validates-as-required wpcf7-validates-as-email\" aria-required=\"true\" aria-invalid=\"false\" placeholder=\"Email *\" \/><\/span>\n<\/li>\n<li class=\"form-input\">\n<label>T\u0101lru\u0146a numurs<\/label><span class=\"wpcf7-form-control-wrap tel-378\"><input type=\"tel\" name=\"tel-378\" value=\"\" size=\"40\" class=\"wpcf7-form-control wpcf7-text wpcf7-tel wpcf7-validates-as-required wpcf7-validates-as-tel\" aria-required=\"true\" aria-invalid=\"false\" placeholder=\"Phone number\" \/><\/span>\n<\/li>\n<li class=\"form-input\">\n<label>J\u016bsu zi\u0146a<\/label><span class=\"wpcf7-form-control-wrap textarea-916\"><textarea name=\"textarea-916\" cols=\"40\" rows=\"10\" class=\"wpcf7-form-control wpcf7-textarea\" aria-invalid=\"false\" placeholder=\"Your message\"><\/textarea><\/span>\n<\/li>\n<li class=\"form-input\">\n<label class=\"confirm-label\"><span class=\"wpcf7-form-control-wrap accept\"><span class=\"wpcf7-form-control wpcf7-checkbox wpcf7-validates-as-required\"><span class=\"wpcf7-list-item first last\"><input type=\"checkbox\" name=\"accept[]\" value=\"I consent to the use of these data to contact me.\" \/><span class=\"wpcf7-list-item-label\">I consent to the use of these data to contact me.<\/span><\/span><\/span><\/span><\/label>\n<\/li>\n<p><input type=\"submit\" value=\"Send\" class=\"wpcf7-form-control has-spinner wpcf7-submit\" \/><\/p>\n<div class=\"wpcf7-response-output\" aria-hidden=\"true\"><\/div><\/form><\/div>[\/vc_column_text][\/vc_column][\/vc_row][vc_row rt_row_background_width=&#8221;fullwidth&#8221; rt_row_content_width=&#8221;default&#8221; rt_row_style=&#8221;default-style&#8221; rt_row_borders=&#8221;&#8221; rt_row_paddings=&#8221;true&#8221; rt_bg_effect=&#8221;classic&#8221; rt_bg_image_repeat=&#8221;repeat&#8221; rt_bg_size=&#8221;cover&#8221; rt_bg_position=&#8221;right top&#8221; rt_bg_attachment=&#8221;scroll&#8221; rt_bg_video_format=&#8221;self-hosted&#8221;][vc_column rt_wrp_col_paddings=&#8221;false&#8221; rt_border_top=&#8221;&#8221; rt_border_bottom=&#8221;&#8221; rt_border_left=&#8221;&#8221; rt_border_right=&#8221;&#8221; rt_border_top_mobile=&#8221;&#8221; rt_border_bottom_mobile=&#8221;&#8221; rt_border_left_mobile=&#8221;&#8221; rt_border_right_mobile=&#8221;&#8221; rt_bg_image_repeat=&#8221;repeat&#8221; rt_bg_size=&#8221;auto auto&#8221; rt_bg_position=&#8221;right top&#8221; rt_bg_attachment=&#8221;scroll&#8221;][vc_empty_space height=&#8221;10&#8243;][\/vc_column][\/vc_row][vc_row rt_row_background_width=&#8221;fullwidth&#8221; rt_row_content_width=&#8221;default&#8221; rt_row_style=&#8221;alt-style-1&#8243; rt_row_borders=&#8221;&#8221; rt_row_paddings=&#8221;true&#8221; rt_bg_effect=&#8221;classic&#8221; rt_bg_image_repeat=&#8221;repeat&#8221; rt_bg_size=&#8221;cover&#8221; rt_bg_position=&#8221;right top&#8221; rt_bg_attachment=&#8221;scroll&#8221; rt_bg_video_format=&#8221;self-hosted&#8221;][vc_column rt_wrp_col_paddings=&#8221;false&#8221; rt_border_top=&#8221;&#8221; rt_border_bottom=&#8221;&#8221; rt_border_left=&#8221;&#8221; rt_border_right=&#8221;&#8221; rt_border_top_mobile=&#8221;&#8221; rt_border_bottom_mobile=&#8221;&#8221; rt_border_left_mobile=&#8221;&#8221; rt_border_right_mobile=&#8221;&#8221; rt_bg_image_repeat=&#8221;repeat&#8221; rt_bg_size=&#8221;auto auto&#8221; rt_bg_position=&#8221;right top&#8221; rt_bg_attachment=&#8221;scroll&#8221;]<div class=\"rt_heading_wrapper style-4\">\n\t\t\t\t\t\t<h3 class=\"rt_heading  style-4\" >TEAM<\/h3>\n\t\t\t\t\t<\/div><section id=\"staff-669162\" class=\"team border_grid clearfix  \"><div class=\"row clearfix\"><div class=\"col col-sm-4\">\n\n \n<div class=\"loop post-4097 staff type-staff status-publish has-post-thumbnail hentry\" id=\"person-4097\">\t\n\t\t<div class=\"person_image\">\n\t\t<div class=\"person_image_wrapper\">\n\t\t\t\n\t\t\t\t\t\t\t<img decoding=\"async\" src=\"https:\/\/www.latstab.lv\/wp-content\/uploads\/2022\/01\/Stanislavs-Ratinskis-2-640x640.jpg\" alt=\"\" class=\"\" \/>\t\t\t\t\t\t\n\t\t<\/div>\n\t<\/div>\n\t\n\t\t\t<h5 class=\"person_name\">Stanislavs Ratinskis<\/h5>\n\t\n\t\t\t<span class=\"position\">Valdes priek\u0161s\u0113d\u0113t\u0101js<\/span>\n\t\n\t<div class=\"profile\">\n\t\t(+371) 29 299 282 <br> \r\n<a href=\"mailto:stanislavs.ratinskis@latstab.lv\">stanislavs.ratinskis@latstab.lv<\/a>\t<\/div> \n\n\t\t\n<\/div>\n<\/div>\n<div class=\"col col-sm-4\">\n\n \n<div class=\"loop post-4123 staff type-staff status-publish has-post-thumbnail hentry\" id=\"person-4123\">\t\n\t\t<div class=\"person_image\">\n\t\t<div class=\"person_image_wrapper\">\n\t\t\t\n\t\t\t\t\t\t\t<img decoding=\"async\" src=\"https:\/\/www.latstab.lv\/wp-content\/uploads\/2022\/01\/Aleksandra-Hodjuk-640x640.jpg\" alt=\"\" class=\"\" \/>\t\t\t\t\t\t\n\t\t<\/div>\n\t<\/div>\n\t\n\t\t\t<h5 class=\"person_name\">Aleksandra Hodjuka<\/h5>\n\t\n\t\t\t<span class=\"position\">Izpilddirektore<\/span>\n\t\n\t<div class=\"profile\">\n\t\t(+371) 20 283 454 <br>\r\n<a href=\"mailto:sales@latstab.lv\">sales@latstab.lv<\/a>\t<\/div> \n\n\t\t\n<\/div>\n<\/div>\n<div class=\"col col-sm-4\">\n\n \n<div class=\"loop post-4119 staff type-staff status-publish has-post-thumbnail hentry\" id=\"person-4119\">\t\n\t\t<div class=\"person_image\">\n\t\t<div class=\"person_image_wrapper\">\n\t\t\t\n\t\t\t\t\t\t\t<img decoding=\"async\" src=\"https:\/\/www.latstab.lv\/wp-content\/uploads\/2022\/01\/Ilona-Ratinska-1x1-2-640x640.jpg\" alt=\"\" class=\"\" \/>\t\t\t\t\t\t\n\t\t<\/div>\n\t<\/div>\n\t\n\t\t\t<h5 class=\"person_name\">Ilona Ratinska<\/h5>\n\t\n\t\t\t<span class=\"position\">Iepirkumu noda\u013cas vad\u012bt\u0101ja<\/span>\n\t\n\t<div class=\"profile\">\n\t\t(+371) 28 667 724 <br>\r\n<a href=\"mailto:ilona.ratinska@latstab.lv\">ilona.ratinska@latstab.lv<\/a>\t<\/div> \n\n\t\t\n<\/div>\n<\/div>\n<\/div><div class=\"row clearfix\"><div class=\"col col-sm-4\">\n\n \n<div class=\"loop post-4114 staff type-staff status-publish has-post-thumbnail hentry\" id=\"person-4114\">\t\n\t\t<div class=\"person_image\">\n\t\t<div class=\"person_image_wrapper\">\n\t\t\t\n\t\t\t\t\t\t\t<img decoding=\"async\" src=\"https:\/\/www.latstab.lv\/wp-content\/uploads\/2022\/01\/Alens-Aleksejevs-640x640.jpg\" alt=\"\" class=\"\" \/>\t\t\t\t\t\t\n\t\t<\/div>\n\t<\/div>\n\t\n\t\t\t<h5 class=\"person_name\">Alens Aleksejevs<\/h5>\n\t\n\t\t\t<span class=\"position\">Lo\u0123istikas noda\u013cas vad\u012bt\u0101js<\/span>\n\t\n\t<div class=\"profile\">\n\t\t(+371) 28 374 966 <br>\r\n<a href=\"mailto:transport@latstab.lv\">transport@latstab.lv<\/a>\t<\/div> \n\n\t\t\n<\/div>\n<\/div>\n<div class=\"col col-sm-4\">\n\n \n<div class=\"loop post-4109 staff type-staff status-publish has-post-thumbnail hentry\" id=\"person-4109\">\t\n\t\t<div class=\"person_image\">\n\t\t<div class=\"person_image_wrapper\">\n\t\t\t\n\t\t\t\t\t\t\t<img decoding=\"async\" src=\"https:\/\/www.latstab.lv\/wp-content\/uploads\/2022\/01\/Vladimirs-Kovalenko-640x640.jpg\" alt=\"\" class=\"\" \/>\t\t\t\t\t\t\n\t\t<\/div>\n\t<\/div>\n\t\n\t\t\t<h5 class=\"person_name\">Vladimirs Kova\u013cenko<\/h5>\n\t\n\t\t\t<span class=\"position\">Tehniskais in\u017eenieris<\/span>\n\t\n\t<div class=\"profile\">\n\t\t(+371) 26 549 514 <br>\r\n<a href=\"mailto:technical@latstab.lv\">technical@latstab.lv<\/a>\t<\/div> \n\n\t\t\n<\/div>\n<\/div>\n<div class=\"col col-sm-4\">\n\n \n<div class=\"loop post-4105 staff type-staff status-publish has-post-thumbnail hentry\" id=\"person-4105\">\t\n\t\t<div class=\"person_image\">\n\t\t<div class=\"person_image_wrapper\">\n\t\t\t\n\t\t\t\t\t\t\t<img decoding=\"async\" src=\"https:\/\/www.latstab.lv\/wp-content\/uploads\/2022\/01\/Andrejs-Daugovis-640x640.jpg\" alt=\"\" class=\"\" \/>\t\t\t\t\t\t\n\t\t<\/div>\n\t<\/div>\n\t\n\t\t\t<h5 class=\"person_name\">Andrejs Daugovi\u010ds<\/h5>\n\t\n\t\t\t<span class=\"position\">Kvalit\u0101tes kontrolieris<\/span>\n\t\n\t<div class=\"profile\">\n\t\t(+371) 26 442 081 <br>\r\n<a href=\"mailto:otk@latstab.lv\">otk@latstab.lv<\/a>\t<\/div> \n\n\t\t\n<\/div>\n<\/div>\n<\/div><\/section>[\/vc_column][\/vc_row]<\/p>\n","protected":false},"excerpt":{"rendered":"<p>[vc_row disable_element=&#8221;yes&#8221; rt_row_background_width=&#8221;fullwidth&#8221; rt_row_content_width=&#8221;fullwidth&#8221; rt_row_style=&#8221;default-style&#8221; rt_row_borders=&#8221;&#8221; rt_row_paddings=&#8221;false&#8221; rt_bg_effect=&#8221;classic&#8221; rt_bg_image_repeat=&#8221;repeat&#8221; rt_bg_size=&#8221;cover&#8221; rt_bg_position=&#8221;right top&#8221; rt_bg_attachment=&#8221;scroll&#8221; rt_bg_video_format=&#8221;self-hosted&#8221; rt_row_no_padding=&#8221;false&#8221;][vc_column rt_wrp_col_paddings=&#8221;false&#8221; rt_border_top=&#8221;&#8221; rt_border_bottom=&#8221;&#8221; rt_border_left=&#8221;&#8221; rt_border_right=&#8221;&#8221; rt_border_top_mobile=&#8221;&#8221; rt_border_bottom_mobile=&#8221;&#8221; rt_border_left_mobile=&#8221;&#8221; rt_border_right_mobile=&#8221;&#8221; rt_bg_image_repeat=&#8221;repeat&#8221; rt_bg_size=&#8221;auto auto&#8221; rt_bg_position=&#8221;right top&#8221; rt_bg_attachment=&#8221;scroll&#8221;][\/vc_column][\/vc_row][vc_row rt_row_background_width=&#8221;fullwidth&#8221; rt_row_content_width=&#8221;fullwidth&#8221; rt_row_style=&#8221;default-style&#8221; rt_column_placement=&#8221;middle&#8221; rt_row_borders=&#8221;&#8221; rt_row_paddings=&#8221;false&#8221; rt_bg_effect=&#8221;classic&#8221; rt_bg_image_repeat=&#8221;no-repeat&#8221; rt_bg_size=&#8221;cover&#8221; rt_bg_position=&#8221;center center&#8221; rt_bg_attachment=&#8221;scroll&#8221; rt_bg_video_format=&#8221;self-hosted&#8221;][vc_column rt_wrp_col_paddings=&#8221;false&#8221; rt_border_top=&#8221;&#8221; rt_border_bottom=&#8221;&#8221; rt_border_left=&#8221;&#8221; rt_border_right=&#8221;&#8221; rt_border_top_mobile=&#8221;&#8221; rt_border_bottom_mobile=&#8221;&#8221; rt_border_left_mobile=&#8221;&#8221; rt_border_right_mobile=&#8221;&#8221; rt_bg_image_repeat=&#8221;repeat&#8221; rt_bg_size=&#8221;auto auto&#8221; [&hellip;]<\/p>\n","protected":false},"author":1,"featured_media":0,"parent":0,"menu_order":0,"comment_status":"closed","ping_status":"closed","template":"","meta":{"footnotes":""},"class_list":["post-3437","page","type-page","status-publish","hentry"],"yoast_head":"<!-- This site is optimized with the Yoast SEO Premium plugin v17.2 (Yoast SEO v18.1) - https:\/\/yoast.com\/wordpress\/plugins\/seo\/ -->\n<title>Contact Us - latstab.lv<\/title>\n<meta name=\"description\" content=\"A modern, dynamic Latvian company whose main activity area is the production of a wide range of light poles and masts...\" \/>\n<meta name=\"robots\" content=\"index, follow, max-snippet:-1, max-image-preview:large, max-video-preview:-1\" \/>\n<link rel=\"canonical\" href=\"https:\/\/www.latstab.lv\/en\/contact-us\/\" \/>\n<meta property=\"og:locale\" content=\"en_US\" \/>\n<meta property=\"og:type\" content=\"article\" \/>\n<meta property=\"og:title\" content=\"Contact Us\" \/>\n<meta property=\"og:description\" content=\"A modern, dynamic Latvian company whose main activity area is the production of a wide range of light poles and masts...\" \/>\n<meta property=\"og:url\" content=\"https:\/\/www.latstab.lv\/en\/contact-us\/\" \/>\n<meta property=\"og:site_name\" content=\"latstab.lv\" \/>\n<meta property=\"article:modified_time\" content=\"2023-04-25T15:46:11+00:00\" \/>\n<meta name=\"twitter:card\" content=\"summary_large_image\" \/>\n<meta name=\"twitter:label1\" content=\"Est. reading time\" \/>\n\t<meta name=\"twitter:data1\" content=\"2 minutes\" \/>\n<script type=\"application\/ld+json\" class=\"yoast-schema-graph\">{\"@context\":\"https:\/\/schema.org\",\"@graph\":[{\"@type\":\"WebSite\",\"@id\":\"https:\/\/www.latstab.lv\/#website\",\"url\":\"https:\/\/www.latstab.lv\/\",\"name\":\"latstab.lv\",\"description\":\"Steel structures\",\"potentialAction\":[{\"@type\":\"SearchAction\",\"target\":{\"@type\":\"EntryPoint\",\"urlTemplate\":\"https:\/\/www.latstab.lv\/?s={search_term_string}\"},\"query-input\":\"required name=search_term_string\"}],\"inLanguage\":\"en-US\"},{\"@type\":\"WebPage\",\"@id\":\"https:\/\/www.latstab.lv\/en\/contact-us\/#webpage\",\"url\":\"https:\/\/www.latstab.lv\/en\/contact-us\/\",\"name\":\"Contact Us - latstab.lv\",\"isPartOf\":{\"@id\":\"https:\/\/www.latstab.lv\/#website\"},\"datePublished\":\"2015-02-02T04:30:47+00:00\",\"dateModified\":\"2023-04-25T15:46:11+00:00\",\"description\":\"A modern, dynamic Latvian company whose main activity area is the production of a wide range of light poles and masts...\",\"breadcrumb\":{\"@id\":\"https:\/\/www.latstab.lv\/en\/contact-us\/#breadcrumb\"},\"inLanguage\":\"en-US\",\"potentialAction\":[{\"@type\":\"ReadAction\",\"target\":[\"https:\/\/www.latstab.lv\/en\/contact-us\/\"]}]},{\"@type\":\"BreadcrumbList\",\"@id\":\"https:\/\/www.latstab.lv\/en\/contact-us\/#breadcrumb\",\"itemListElement\":[{\"@type\":\"ListItem\",\"position\":1,\"name\":\"Home\",\"item\":\"https:\/\/www.latstab.lv\/en\/\"},{\"@type\":\"ListItem\",\"position\":2,\"name\":\"Contact Us\"}]}]}<\/script>\n<!-- \/ Yoast SEO Premium plugin. -->","yoast_head_json":{"title":"Contact Us - latstab.lv","description":"A modern, dynamic Latvian company whose main activity area is the production of a wide range of light poles and masts...","robots":{"index":"index","follow":"follow","max-snippet":"max-snippet:-1","max-image-preview":"max-image-preview:large","max-video-preview":"max-video-preview:-1"},"canonical":"https:\/\/www.latstab.lv\/en\/contact-us\/","og_locale":"en_US","og_type":"article","og_title":"Contact Us","og_description":"A modern, dynamic Latvian company whose main activity area is the production of a wide range of light poles and masts...","og_url":"https:\/\/www.latstab.lv\/en\/contact-us\/","og_site_name":"latstab.lv","article_modified_time":"2023-04-25T15:46:11+00:00","twitter_card":"summary_large_image","twitter_misc":{"Est. reading time":"2 minutes"},"schema":{"@context":"https:\/\/schema.org","@graph":[{"@type":"WebSite","@id":"https:\/\/www.latstab.lv\/#website","url":"https:\/\/www.latstab.lv\/","name":"latstab.lv","description":"Steel structures","potentialAction":[{"@type":"SearchAction","target":{"@type":"EntryPoint","urlTemplate":"https:\/\/www.latstab.lv\/?s={search_term_string}"},"query-input":"required name=search_term_string"}],"inLanguage":"en-US"},{"@type":"WebPage","@id":"https:\/\/www.latstab.lv\/en\/contact-us\/#webpage","url":"https:\/\/www.latstab.lv\/en\/contact-us\/","name":"Contact Us - latstab.lv","isPartOf":{"@id":"https:\/\/www.latstab.lv\/#website"},"datePublished":"2015-02-02T04:30:47+00:00","dateModified":"2023-04-25T15:46:11+00:00","description":"A modern, dynamic Latvian company whose main activity area is the production of a wide range of light poles and masts...","breadcrumb":{"@id":"https:\/\/www.latstab.lv\/en\/contact-us\/#breadcrumb"},"inLanguage":"en-US","potentialAction":[{"@type":"ReadAction","target":["https:\/\/www.latstab.lv\/en\/contact-us\/"]}]},{"@type":"BreadcrumbList","@id":"https:\/\/www.latstab.lv\/en\/contact-us\/#breadcrumb","itemListElement":[{"@type":"ListItem","position":1,"name":"Home","item":"https:\/\/www.latstab.lv\/en\/"},{"@type":"ListItem","position":2,"name":"Contact Us"}]}]}},"_links":{"self":[{"href":"https:\/\/www.latstab.lv\/en\/wp-json\/wp\/v2\/pages\/3437","targetHints":{"allow":["GET"]}}],"collection":[{"href":"https:\/\/www.latstab.lv\/en\/wp-json\/wp\/v2\/pages"}],"about":[{"href":"https:\/\/www.latstab.lv\/en\/wp-json\/wp\/v2\/types\/page"}],"author":[{"embeddable":true,"href":"https:\/\/www.latstab.lv\/en\/wp-json\/wp\/v2\/users\/1"}],"replies":[{"embeddable":true,"href":"https:\/\/www.latstab.lv\/en\/wp-json\/wp\/v2\/comments?post=3437"}],"version-history":[{"count":10,"href":"https:\/\/www.latstab.lv\/en\/wp-json\/wp\/v2\/pages\/3437\/revisions"}],"predecessor-version":[{"id":4462,"href":"https:\/\/www.latstab.lv\/en\/wp-json\/wp\/v2\/pages\/3437\/revisions\/4462"}],"wp:attachment":[{"href":"https:\/\/www.latstab.lv\/en\/wp-json\/wp\/v2\/media?parent=3437"}],"curies":[{"name":"wp","href":"https:\/\/api.w.org\/{rel}","templated":true}]}}